{"id":154,"date":"2022-02-07T15:04:55","date_gmt":"2022-02-07T14:04:55","guid":{"rendered":"http:\/\/rehabilitacja-glogow.pl\/?page_id=154"},"modified":"2022-02-27T12:31:06","modified_gmt":"2022-02-27T11:31:06","slug":"jak-leczymy","status":"publish","type":"page","link":"https:\/\/rehabilitacja-glogow.pl\/index.php\/jak-leczymy\/","title":{"rendered":"JAK leczymy?"},"content":{"rendered":"\n<p><strong>Zaw\u00f3d medyczny jakim jest fizjoterapeuta wymaga nieustannego podnoszenia swoich kwalifikacji i zdobywania oraz utrwalania swojej wiedzy z my\u015bl\u0105 o skutecznej terapii pacjenta. W ofercie REHABILIS znale\u017a\u0107 mo\u017cna szereg nowoczesnych mo\u017cliwo\u015bci terapeutycznych takich jak Przezsk\u00f3rna Elektroliza EPTE, ig\u0142oterapia sucha czy diagnostyka USG. Jednak\u017ce pierwszorz\u0119dn\u0105 rol\u0119 stanowi podej\u015bcie do problemu pacjenta i szukanie przyczyn dolegliwo\u015bci, pr\u00f3ba szerokiego spojrzenia na zagadnienie b\u00f3lu przewlek\u0142ego i ostrego.<\/strong><\/p>\n\n\n\n<p><strong>EPTE Przezsk\u00f3rna Elektroliza<\/strong><\/p>\n\n\n\n<p class=\"has-text-align-left\">Metoda Przezsk\u00f3rnej Elektrolizy EPTE to terapia rodem z Hiszpanii. Dzi\u0119ki swojej bardzo wysokiej skuteczno\u015bci w leczeniu przewlek\u0142ych uszkodze\u0144 \u015bci\u0119gien tzw. tendinopatii jest doskona\u0142ym wsparciem treningu i pomaga w biologicznym leczeniu takich schorze\u0144 jak: \u0142okie\u0107 tenisisty, przeci\u0105\u017cenie \u015bci\u0119gna Achillesa czy kolano skoczka. Zabieg polega na wprowadzeniu do zmienionego chorobowo \u015bci\u0119gna za pomoc\u0105 ig\u0142y akupunkturowej (katoda) pr\u0105du galwanicznego celem sprowokowania reakcji naprawczej organizmu.<\/p>\n\n\n\n<p><strong>USG w pracy fizjoterapeuty<\/strong><\/p>\n\n\n\n<p>Obrazowanie ultrasonograficzne na potrzeby fizjoterapii wykorzystywane jest na \u015bwiecie ju\u017c od d\u0142ugich dziesi\u0119cioleci. W Polsce, wykorzystywanie USG do diagnostyki problemu pacjenta w gabinecie fizjoterapeuty, znalaz\u0142o swoje miejsce stosunkowo niedawno. Dzi\u0119ki obrazowaniu za pomoc\u0105 g\u0142owicy ultrad\u017awi\u0119kowej mo\u017cna okre\u015bli\u0107 stan mi\u0119\u015bni, powi\u0119zi, wi\u0119zade\u0142, \u0142\u0105kotek, chrz\u0105stki stawowej czy \u015bci\u0119gien mi\u0119\u015bni. Dzi\u0119ki informacjom o uszkodzeniu wymienionych struktur \u0142atwiej zaplanowa\u0107 program rehabilitacji, mo\u017cna te\u017c regularnie monitorowa\u0107 post\u0119p terapii. Monitoring za pomoc\u0105 USG zwi\u0119ksza efektywno\u015b\u0107 zabieg\u00f3w z wykorzystaniem ig\u0142y, np. podczas zabiegu Przezsk\u00f3rnej Elektrolizy EPTE.<\/p>\n\n\n\n<p><strong>Ig\u0142oterapia sucha<\/strong><\/p>\n\n\n\n<p>Ig\u0142oterapia sucha to metoda polegaj\u0105ca na wprowadzeniu pe\u0142nej ig\u0142y akupunkturowej do mie\u015bniowo-powi\u0119ziowych punkt\u00f3w spustowych, kt\u00f3re stanowi\u0105 identyfikowalny problem b\u00f3lowy u pacjenta ostrego lub przewlek\u0142ego. Dzi\u0119ki zabiegowi ig\u0142oterapii suchej doprowadzamy do proces\u00f3w odwra\u017cliwienia obwodowego, czyli do zmniejszenia dolegliwo\u015bci i zwi\u0119kszenia komfortu pacjenta wobec dotychczasowego problemu.<\/p>\n\n\n\n<p><strong>Masa\u017c Tkanek G\u0142\u0119bokich<\/strong><\/p>\n\n\n\n<p>Masa\u017c tkanek g\u0142\u0119bokich to forma manualnej pracy ze strukturami mi\u0119\u015bniowo-powi\u0119ziowymi pacjenta. Dzi\u0119ki dok\u0142adnej znajomo\u015bci anatomii palpacyjnej oddzia\u0142ujemy na rejony bolesne pacjenta, szukamy napi\u0119\u0107 i ogranicze\u0144 funkcjonalnych, poprzez techniki rozci\u0105gaj\u0105ce i zwi\u0119kszaj\u0105ce przesuwalno\u015b\u0107 tkanek wzgl\u0119dem siebie poprawiamy mo\u017cliwo\u015bci ruchowe pacjenta.<\/p>\n\n\n\n<p><strong>Terapia Punkt\u00f3w Spustowych<\/strong><\/p>\n\n\n\n<p>Terapia punkt\u00f3w spustowych wykorzystuje r\u00f3\u017cne techniki manualne do wywierania nacisku na wra\u017cliwe miejsca w rejonach zg\u0142aszanych przez pacjenta jako b\u00f3lowe. Celem terapii jest uwolnienie si\u0119 od b\u00f3lu i poprawa zaburzonych wzorc\u00f3w ruchowych<\/p>\n\n\n\n<p><strong>Kinesiotaping<\/strong><\/p>\n\n\n\n<p>Metoda oklejania plastrami pochodz\u0105ca z Japonii stanowi dobre uzupe\u0142nienie terapii ruchem. Dzi\u0119ki aplikacjom kinesiotapingu mo\u017cna wp\u0142yn\u0105\u0107 na zmniejszenie obrz\u0119ku po operacji, odpowiedni&nbsp; spos\u00f3b oklejenia mo\u017ce odci\u0105\u017cy\u0107 bolesne struktury cia\u0142a, w rehabilitacji pourazowej mo\u017cemy ograniczy\u0107 zakres ruchu poprzez aplikacj\u0119 zmniejszaj\u0105c\u0105 ruchomo\u015b\u0107 stawu.<\/p>\n\n\n\n<p><strong>Terapia wisceralna<\/strong><\/p>\n\n\n\n<p>Praca w obr\u0119bie jamy brzucha pozwala w spos\u00f3b bezpo\u015bredni wp\u0142ywa\u0107 na narz\u0105dy takie jak \u017co\u0142\u0105dek, jelito czy w\u0105troba. Odpowiednie techniki manualne na struktury wi\u0119zad\u0142owe mog\u0105 poprawi\u0107 przesuwalno\u015b\u0107 i ruch poszczeg\u00f3lnych struktur wzgl\u0119dem siebie, co wp\u0142ywa na popraw\u0119 funkcji samych narz\u0105d\u00f3w. Praca po\u015brednia z kolei oddzia\u0142uje na dolegliwo\u015bci odcinka l\u0119d\u017awiowego kr\u0119gos\u0142upa czy b\u00f3lu w obr\u0119bie ko\u0144czyn.<\/p>\n\n\n\n<p><strong>Trening funkcjonalny<\/strong><\/p>\n\n\n\n<p>Ka\u017cda terapia w gabinecie fizjoterapii ma na celu zmniejszenie dolegliwo\u015bci b\u00f3lowych pacjenta i przywr\u00f3cenie optymalnych zakres\u00f3w ruchu w stawach. Trening funkcjonalny wykorzystuje naturalne, codzienne wzorce ruchowe jako element terapii w gabinecie, a w domu pacjenta, jako utrwalenie efekt\u00f3w oraz profilaktyka.<\/p>\n\n\n\n<p><strong>Diagnostyka wad st\u00f3p\/ Wk\u0142adki ortopedyczne\/ System PODOSMART\/ Platforma pedobarograficzna<\/strong><\/p>\n\n\n\n<p>W diagnostyce wad st\u00f3p wykorzystujemy najnowocze\u015bniejsze zdobycze dzisiejszej technologii. Opr\u00f3cz znanego od dawna podoskopu, wyposa\u017conego w kamer\u0119 FullHD, korzystamy r\u00f3wnie\u017c z platformy pedobarograficznej i systemu PODOSMART. Platforma pedobarograficzna pozwala wygenerowa\u0107 szereg szczeg\u00f3\u0142owych informacji odno\u015bnie si\u0142 wywieranych na pod\u0142o\u017ce przez nacisk st\u00f3p w badaniu statycznym. System PODOSMART pozwala z kolei na ocen\u0119 dynamiczn\u0105 podczas chodu lub biegu, dzi\u0119ki inteligentnie zaprojektowanym wk\u0142adkom, kt\u00f3re bezprzewodowo \u0142\u0105cz\u0105 si\u0119 z centralk\u0105 przy komputerze, zbieraj\u0105c niezb\u0119dne informacje do oceny dysfunkcji pacjenta. Dzi\u0119ki zakrojonej na tak szerok\u0105 skal\u0119 diagnostyce mo\u017cemu skutecznie pomaga\u0107 pacjentom ze stopami p\u0142asko-ko\u015blawymi, z kolanami ko\u015blawymi, b\u00f3lami plec\u00f3w czy kolan. Uzupe\u0142nieniem ca\u0142ego programu diagnostyki wad st\u00f3p jest dopasowanie indywidualnych dynamicznych wk\u0142adek ortopedycznych.<\/p>\n\n\n\n<p><\/p>\n","protected":false},"excerpt":{"rendered":"<p>Zaw\u00f3d medyczny jakim jest fizjoterapeuta wymaga nieustannego podnoszenia swoich kwalifikacji i zdobywania oraz utrwalania swojej wiedzy z my\u015bl\u0105 o skutecznej terapii pacjenta. W ofercie REHABILIS znale\u017a\u0107 mo\u017cna szereg nowoczesnych mo\u017cliwo\u015bci terapeutycznych takich jak Przezsk\u00f3rna Elektroliza EPTE, ig\u0142oterapia sucha czy diagnostyka USG. Jednak\u017ce pierwszorz\u0119dn\u0105 rol\u0119 stanowi podej\u015bcie do problemu pacjenta i [&hellip;]<\/p>\n","protected":false},"author":1,"featured_media":57,"parent":0,"menu_order":0,"comment_status":"closed","ping_status":"closed","template":"","meta":{"footnotes":""},"class_list":["post-154","page","type-page","status-publish","has-post-thumbnail","hentry"],"_links":{"self":[{"href":"https:\/\/rehabilitacja-glogow.pl\/index.php\/wp-json\/wp\/v2\/pages\/154","targetHints":{"allow":["GET"]}}],"collection":[{"href":"https:\/\/rehabilitacja-glogow.pl\/index.php\/wp-json\/wp\/v2\/pages"}],"about":[{"href":"https:\/\/rehabilitacja-glogow.pl\/index.php\/wp-json\/wp\/v2\/types\/page"}],"author":[{"embeddable":true,"href":"https:\/\/rehabilitacja-glogow.pl\/index.php\/wp-json\/wp\/v2\/users\/1"}],"replies":[{"embeddable":true,"href":"https:\/\/rehabilitacja-glogow.pl\/index.php\/wp-json\/wp\/v2\/comments?post=154"}],"version-history":[{"count":4,"href":"https:\/\/rehabilitacja-glogow.pl\/index.php\/wp-json\/wp\/v2\/pages\/154\/revisions"}],"predecessor-version":[{"id":262,"href":"https:\/\/rehabilitacja-glogow.pl\/index.php\/wp-json\/wp\/v2\/pages\/154\/revisions\/262"}],"wp:featuredmedia":[{"embeddable":true,"href":"https:\/\/rehabilitacja-glogow.pl\/index.php\/wp-json\/wp\/v2\/media\/57"}],"wp:attachment":[{"href":"https:\/\/rehabilitacja-glogow.pl\/index.php\/wp-json\/wp\/v2\/media?parent=154"}],"curies":[{"name":"wp","href":"https:\/\/api.w.org\/{rel}","templated":true}]}}