{"id":162,"date":"2022-02-07T15:27:55","date_gmt":"2022-02-07T14:27:55","guid":{"rendered":"http:\/\/rehabilitacja-glogow.pl\/?page_id=162"},"modified":"2024-12-01T11:19:27","modified_gmt":"2024-12-01T10:19:27","slug":"diagnostyka-wad-stop","status":"publish","type":"page","link":"https:\/\/rehabilitacja-glogow.pl\/index.php\/diagnostyka-wad-stop\/","title":{"rendered":"Diagnostyka wad st\u00f3p"},"content":{"rendered":"\n<p><strong>W diagnostyce wad st\u00f3p wykorzystujemy najnowocze\u015bniejsze zdobycze dzisiejszej technologii. Opr\u00f3cz znanego od dawna podoskopu, wyposa\u017conego w kamer\u0119 FullHD, korzystamy r\u00f3wnie\u017c z platformy pedobarograficznej i systemu PODOSMART.<\/strong> <\/p>\n\n\n\n<p>Platforma pedobarograficzna pozwala wygenerowa\u0107 szereg szczeg\u00f3\u0142owych informacji odno\u015bnie si\u0142 wywieranych na pod\u0142o\u017ce przez nacisk st\u00f3p w badaniu statycznym. System PODOSMART pozwala z kolei na ocen\u0119 dynamiczn\u0105 podczas chodu lub biegu, dzi\u0119ki inteligentnie zaprojektowanym wk\u0142adkom, kt\u00f3re bezprzewodowo \u0142\u0105cz\u0105 si\u0119 z centralk\u0105 przy komputerze, zbieraj\u0105c niezb\u0119dne informacje do oceny dysfunkcji pacjenta. Dzi\u0119ki zakrojonej na tak szerok\u0105 skal\u0119 diagnostyce mo\u017cemu skutecznie pomaga\u0107 pacjentom ze stopami p\u0142asko-ko\u015blawymi, z kolanami ko\u015blawymi, b\u00f3lami plec\u00f3w czy kolan. Uzupe\u0142nieniem ca\u0142ego programu diagnostyki wad st\u00f3p jest dopasowanie indywidualnych dynamicznych wk\u0142adek ortopedycznych.<\/p>\n\n\n\n<p>W ramach projektu \u201eDiagnostyka wad st\u00f3p\u201d od kilku lat wsp\u00f3\u0142pracujemy z Gabinetami Lekarskimi na Star\u00f3wce w G\u0142ogowie.<\/p>\n\n\n\n<p>Dzi\u0119ki wsparciu merytorycznemu lek. spec. ortopedii i traumatologii Bart\u0142omieja Bob\u00f3jcia prowadzimy r\u00f3wnie\u017c badania sportowc\u00f3w z wykorzystaniem Systemu PODOSMART. <\/p>\n\n\n\n<p>Promujemy r\u00f3wnie\u017c projekty szkoleniowe zaprzyja\u017anionych podmiot\u00f3w jak SportBioRegen i Centrum Szkoleniowe GLnS. <\/p>\n\n\n\n<p>Swoj\u0105 wiedz\u0105 i do\u015bwiadczeniem pomagamy w diagnostyce i leczeniu uraz\u00f3w sportowych pi\u0142karzy zespo\u0142u Sok\u00f3\u0142 Jerzmanowa.<\/p>\n\n\n\n<figure class=\"wp-block-image size-full\"><img loading=\"lazy\" decoding=\"async\" width=\"1024\" height=\"210\" src=\"http:\/\/rehabilitacja-glogow.pl\/wp-content\/uploads\/2024\/12\/Logo-SportBioRegen_gradient_RGB-1024x210-1.png\" alt=\"\" class=\"wp-image-308\" srcset=\"https:\/\/rehabilitacja-glogow.pl\/wp-content\/uploads\/2024\/12\/Logo-SportBioRegen_gradient_RGB-1024x210-1.png 1024w, https:\/\/rehabilitacja-glogow.pl\/wp-content\/uploads\/2024\/12\/Logo-SportBioRegen_gradient_RGB-1024x210-1-300x62.png 300w, https:\/\/rehabilitacja-glogow.pl\/wp-content\/uploads\/2024\/12\/Logo-SportBioRegen_gradient_RGB-1024x210-1-768x158.png 768w\" sizes=\"auto, (max-width: 1024px) 100vw, 1024px\" \/><\/figure>\n","protected":false},"excerpt":{"rendered":"<p>W diagnostyce wad st\u00f3p wykorzystujemy najnowocze\u015bniejsze zdobycze dzisiejszej technologii. Opr\u00f3cz znanego od dawna podoskopu, wyposa\u017conego w kamer\u0119 FullHD, korzystamy r\u00f3wnie\u017c z platformy pedobarograficznej i systemu PODOSMART. Platforma pedobarograficzna pozwala wygenerowa\u0107 szereg szczeg\u00f3\u0142owych informacji odno\u015bnie si\u0142 wywieranych na pod\u0142o\u017ce przez nacisk st\u00f3p w badaniu statycznym. System PODOSMART pozwala z kolei na [&hellip;]<\/p>\n","protected":false},"author":1,"featured_media":265,"parent":0,"menu_order":0,"comment_status":"closed","ping_status":"closed","template":"","meta":{"footnotes":""},"class_list":["post-162","page","type-page","status-publish","has-post-thumbnail","hentry"],"_links":{"self":[{"href":"https:\/\/rehabilitacja-glogow.pl\/index.php\/wp-json\/wp\/v2\/pages\/162","targetHints":{"allow":["GET"]}}],"collection":[{"href":"https:\/\/rehabilitacja-glogow.pl\/index.php\/wp-json\/wp\/v2\/pages"}],"about":[{"href":"https:\/\/rehabilitacja-glogow.pl\/index.php\/wp-json\/wp\/v2\/types\/page"}],"author":[{"embeddable":true,"href":"https:\/\/rehabilitacja-glogow.pl\/index.php\/wp-json\/wp\/v2\/users\/1"}],"replies":[{"embeddable":true,"href":"https:\/\/rehabilitacja-glogow.pl\/index.php\/wp-json\/wp\/v2\/comments?post=162"}],"version-history":[{"count":7,"href":"https:\/\/rehabilitacja-glogow.pl\/index.php\/wp-json\/wp\/v2\/pages\/162\/revisions"}],"predecessor-version":[{"id":309,"href":"https:\/\/rehabilitacja-glogow.pl\/index.php\/wp-json\/wp\/v2\/pages\/162\/revisions\/309"}],"wp:featuredmedia":[{"embeddable":true,"href":"https:\/\/rehabilitacja-glogow.pl\/index.php\/wp-json\/wp\/v2\/media\/265"}],"wp:attachment":[{"href":"https:\/\/rehabilitacja-glogow.pl\/index.php\/wp-json\/wp\/v2\/media?parent=162"}],"curies":[{"name":"wp","href":"https:\/\/api.w.org\/{rel}","templated":true}]}}