{"id":164,"date":"2022-02-07T15:31:04","date_gmt":"2022-02-07T14:31:04","guid":{"rendered":"http:\/\/rehabilitacja-glogow.pl\/?page_id=164"},"modified":"2022-02-27T12:30:37","modified_gmt":"2022-02-27T11:30:37","slug":"epte-przezskorna-elekrtoliza","status":"publish","type":"page","link":"https:\/\/rehabilitacja-glogow.pl\/index.php\/epte-przezskorna-elekrtoliza\/","title":{"rendered":"EPTE Przezsk\u00f3rna Elektroliza"},"content":{"rendered":"\n<p>Metoda Przezsk\u00f3rnej Elektrolizy EPTE to terapia rodem z Hiszpanii. Dzi\u0119ki swojej bardzo wysokiej skuteczno\u015bci w leczeniu przewlek\u0142ych uszkodze\u0144 \u015bci\u0119gien tzw. tendinopatii jest doskona\u0142ym wsparciem treningu i pomaga w biologicznym leczeniu takich schorze\u0144 jak: \u0142okie\u0107 tenisisty, przeci\u0105\u017cenie \u015bci\u0119gna Achillesa czy kolano skoczka. Zabieg polega na wprowadzeniu do zmienionego chorobowo \u015bci\u0119gna za pomoc\u0105 ig\u0142y akupunkturowej (katoda) pr\u0105du galwanicznego celem sprowokowania reakcji naprawczej organizmu.<\/p>\n","protected":false},"excerpt":{"rendered":"<p>Metoda Przezsk\u00f3rnej Elektrolizy EPTE to terapia rodem z Hiszpanii. Dzi\u0119ki swojej bardzo wysokiej skuteczno\u015bci w leczeniu przewlek\u0142ych uszkodze\u0144 \u015bci\u0119gien tzw. tendinopatii jest doskona\u0142ym wsparciem treningu i pomaga w biologicznym leczeniu takich schorze\u0144 jak: \u0142okie\u0107 tenisisty, przeci\u0105\u017cenie \u015bci\u0119gna Achillesa czy kolano skoczka. Zabieg polega na wprowadzeniu do zmienionego chorobowo \u015bci\u0119gna za [&hellip;]<\/p>\n","protected":false},"author":1,"featured_media":128,"parent":0,"menu_order":0,"comment_status":"closed","ping_status":"closed","template":"","meta":{"footnotes":""},"class_list":["post-164","page","type-page","status-publish","has-post-thumbnail","hentry"],"_links":{"self":[{"href":"https:\/\/rehabilitacja-glogow.pl\/index.php\/wp-json\/wp\/v2\/pages\/164","targetHints":{"allow":["GET"]}}],"collection":[{"href":"https:\/\/rehabilitacja-glogow.pl\/index.php\/wp-json\/wp\/v2\/pages"}],"about":[{"href":"https:\/\/rehabilitacja-glogow.pl\/index.php\/wp-json\/wp\/v2\/types\/page"}],"author":[{"embeddable":true,"href":"https:\/\/rehabilitacja-glogow.pl\/index.php\/wp-json\/wp\/v2\/users\/1"}],"replies":[{"embeddable":true,"href":"https:\/\/rehabilitacja-glogow.pl\/index.php\/wp-json\/wp\/v2\/comments?post=164"}],"version-history":[{"count":4,"href":"https:\/\/rehabilitacja-glogow.pl\/index.php\/wp-json\/wp\/v2\/pages\/164\/revisions"}],"predecessor-version":[{"id":261,"href":"https:\/\/rehabilitacja-glogow.pl\/index.php\/wp-json\/wp\/v2\/pages\/164\/revisions\/261"}],"wp:featuredmedia":[{"embeddable":true,"href":"https:\/\/rehabilitacja-glogow.pl\/index.php\/wp-json\/wp\/v2\/media\/128"}],"wp:attachment":[{"href":"https:\/\/rehabilitacja-glogow.pl\/index.php\/wp-json\/wp\/v2\/media?parent=164"}],"curies":[{"name":"wp","href":"https:\/\/api.w.org\/{rel}","templated":true}]}}