{"id":21,"date":"2022-01-27T18:04:27","date_gmt":"2022-01-27T17:04:27","guid":{"rendered":"http:\/\/rehabilitacja-glogow.pl\/?page_id=21"},"modified":"2022-02-27T12:29:41","modified_gmt":"2022-02-27T11:29:41","slug":"strona-glowna","status":"publish","type":"page","link":"https:\/\/rehabilitacja-glogow.pl\/","title":{"rendered":"Dlaczego Rehabilis?"},"content":{"rendered":"\n<div class=\"wp-block-columns alignwide are-vertically-aligned-center is-layout-flex wp-container-core-columns-is-layout-9d6595d7 wp-block-columns-is-layout-flex\">\n<div class=\"wp-block-column is-vertically-aligned-center is-layout-flow wp-block-column-is-layout-flow\" style=\"flex-basis:100%\">\n<div class=\"wp-block-group\"><div class=\"wp-block-group__inner-container is-layout-flow wp-block-group-is-layout-flow\">\n<div class=\"wp-block-columns is-layout-flex wp-container-core-columns-is-layout-9d6595d7 wp-block-columns-is-layout-flex\">\n<div class=\"wp-block-column is-layout-flow wp-block-column-is-layout-flow\" style=\"flex-basis:100%\">\n<div class=\"wp-block-group\"><div class=\"wp-block-group__inner-container is-layout-flow wp-block-group-is-layout-flow\">\n<div class=\"wp-block-columns container is-layout-flex wp-container-core-columns-is-layout-9d6595d7 wp-block-columns-is-layout-flex\">\n<div class=\"wp-block-column col-md-5 is-layout-flow wp-block-column-is-layout-flow\">\n<div class=\"wp-block-group\"><div class=\"wp-block-group__inner-container is-layout-flow wp-block-group-is-layout-flow\">\n<h2 class=\"wp-block-heading\" id=\"dlaczego-rehabilis\"><strong>Dlaczego REHABILIS?<\/strong><\/h2>\n\n\n\n<p>REHABILIS to kilkana\u015bcie lat do\u015bwiadczenia w pracy z pacjentem. To nieustanne d\u0105\u017cenie do podnoszenia swoich umiej\u0119tno\u015bci i kwalifikacji, aby m\u00f3c pomaga\u0107 jak najskuteczniej. To zaanga\u017cowanie i pasja do pracy z drugim cz\u0142owiekiem. To wreszcie tysi\u0105ce pacjent\u00f3w, kt\u00f3rzy mog\u0105 funkcjonowa\u0107 na co dzie\u0144 bez b\u00f3lu i ogranicze\u0144.<\/p>\n<\/div><\/div>\n<\/div>\n<\/div>\n<\/div><\/div>\n<\/div>\n<\/div>\n<\/div><\/div>\n<\/div>\n<\/div>\n","protected":false},"excerpt":{"rendered":"<p>Dlaczego REHABILIS? REHABILIS to kilkana\u015bcie lat do\u015bwiadczenia w pracy z pacjentem. To nieustanne d\u0105\u017cenie do podnoszenia swoich umiej\u0119tno\u015bci i kwalifikacji, aby m\u00f3c pomaga\u0107 jak najskuteczniej. To zaanga\u017cowanie i pasja do pracy z drugim cz\u0142owiekiem. To wreszcie tysi\u0105ce pacjent\u00f3w, kt\u00f3rzy mog\u0105 funkcjonowa\u0107 na co dzie\u0144 bez b\u00f3lu i ogranicze\u0144.<\/p>\n","protected":false},"author":1,"featured_media":252,"parent":0,"menu_order":0,"comment_status":"closed","ping_status":"closed","template":"","meta":{"footnotes":""},"class_list":["post-21","page","type-page","status-publish","has-post-thumbnail","hentry"],"_links":{"self":[{"href":"https:\/\/rehabilitacja-glogow.pl\/index.php\/wp-json\/wp\/v2\/pages\/21","targetHints":{"allow":["GET"]}}],"collection":[{"href":"https:\/\/rehabilitacja-glogow.pl\/index.php\/wp-json\/wp\/v2\/pages"}],"about":[{"href":"https:\/\/rehabilitacja-glogow.pl\/index.php\/wp-json\/wp\/v2\/types\/page"}],"author":[{"embeddable":true,"href":"https:\/\/rehabilitacja-glogow.pl\/index.php\/wp-json\/wp\/v2\/users\/1"}],"replies":[{"embeddable":true,"href":"https:\/\/rehabilitacja-glogow.pl\/index.php\/wp-json\/wp\/v2\/comments?post=21"}],"version-history":[{"count":12,"href":"https:\/\/rehabilitacja-glogow.pl\/index.php\/wp-json\/wp\/v2\/pages\/21\/revisions"}],"predecessor-version":[{"id":260,"href":"https:\/\/rehabilitacja-glogow.pl\/index.php\/wp-json\/wp\/v2\/pages\/21\/revisions\/260"}],"wp:featuredmedia":[{"embeddable":true,"href":"https:\/\/rehabilitacja-glogow.pl\/index.php\/wp-json\/wp\/v2\/media\/252"}],"wp:attachment":[{"href":"https:\/\/rehabilitacja-glogow.pl\/index.php\/wp-json\/wp\/v2\/media?parent=21"}],"curies":[{"name":"wp","href":"https:\/\/api.w.org\/{rel}","templated":true}]}}